{"id":762,"date":"2021-06-22T15:46:59","date_gmt":"2021-06-22T13:46:59","guid":{"rendered":"https:\/\/olivetvousaccueil.fr\/?page_id=762"},"modified":"2025-06-24T12:39:19","modified_gmt":"2025-06-24T10:39:19","slug":"nous-contacter","status":"publish","type":"page","link":"https:\/\/olivetvousaccueil.fr\/?page_id=762","title":{"rendered":"Nous contacter :"},"content":{"rendered":"\n<p><\/p>\n\n\n\n<hr class=\"wp-block-separator aligncenter has-alpha-channel-opacity is-style-wide\"\/>\n\n\n\n<ul class=\"wp-block-list has-vivid-cyan-blue-color has-text-color has-medium-font-size\">\n<li><strong><em>Soit par t\u00e9l\u00e9phone  :     <\/em><\/strong><em>:<\/em><strong><em>     09 61 24 19 87<\/em><\/strong> <\/li>\n<\/ul>\n\n\n\n<ul class=\"wp-block-list has-vivid-cyan-blue-color has-text-color has-medium-font-size\">\n<li><strong><em>Soit par courriel  :         <a href=\"mailto:ova.secretariat@gmail.com\">ova.secretariat@gmail.com<\/a><\/em><\/strong>               <em> (<\/em> <em>cliquez sur cette adresse pour nous \u00e9crire <\/em>)<\/li>\n<\/ul>\n\n\n\n<ul class=\"wp-block-list has-vivid-cyan-blue-color has-text-color has-medium-font-size\">\n<li><strong><em>Pour le webmaster  :      <a href=\"mailto:formatique45@gmail.com\">Pminzolini@gmail.com<\/a>                 <\/em><\/strong><em>( cliquez sur cette adresse pour lui \u00e9crire )<\/em><\/li>\n<\/ul>\n\n\n\n<hr class=\"wp-block-separator has-text-color has-pale-cyan-blue-color has-alpha-channel-opacity has-pale-cyan-blue-background-color has-background is-style-wide\"\/>\n\n\n\n<p class=\"has-text-align-center\" style=\"font-size:17px\"><font _mstmutation=\"1\" _msthash=\"1043237\" _msttexthash=\"4188262\"><em><strong><font _mstmutation=\"1\" _msthash=\"1039704\" _msttexthash=\"4116164\" _istranslated=\"1\"> <mark _mstmutation=\"1\" _istranslated=\"1\" style=\"background-color:rgba(0, 0, 0, 0)\" class=\"has-inline-color has-vivid-cyan-blue-color\"> Inscription indispensable \u00e0 la permanence<\/mark><\/font> <mark style=\"background-color:rgba(0, 0, 0, 0)\" class=\"has-inline-color has-vivid-cyan-blue-color\">pour toutes les sorties et<\/mark> <mark style=\"background-color:rgba(0, 0, 0, 0)\" class=\"has-inline-color has-vivid-cyan-blue-color\">les<\/mark> <font _mstmutation=\"1\" _msthash=\"1039704\" _msttexthash=\"4116164\" _istranslated=\"1\"><mark _istranslated=\"1\" style=\"background-color:rgba(0, 0, 0, 0)\" class=\"has-inline-color has-vivid-cyan-blue-color\"><font _mstmutation=\"1\" _msthash=\"1039714\" _msttexthash=\"1062607\" _istranslated=\"1\">activit\u00e9s, <\/font> <\/mark><\/font><\/strong><\/em><font _mstmutation=\"1\" _msthash=\"1039704\" _msttexthash=\"4116164\" _istranslated=\"1\"><strong> <\/strong><\/font><\/font><\/p>\n\n\n\n<p class=\"has-text-align-center\" style=\"font-size:17px\"><font _mstmutation=\"1\" _msthash=\"1003951\" _msttexthash=\"2334943\"><em><strong><mark _mstmutation=\"1\" _istranslated=\"1\" style=\"background-color:rgba(0, 0, 0, 0)\" class=\"has-inline-color has-vivid-cyan-blue-color\">les mardis et vendredis <\/mark><\/strong><\/em><mark _mstmutation=\"1\" _istranslated=\"1\" style=\"background-color:rgba(0, 0, 0, 0)\" class=\"has-inline-color has-vivid-cyan-blue-color\"><strong><em> <\/em><\/strong><\/mark><em><strong><mark _mstmutation=\"1\" _istranslated=\"1\" style=\"background-color:rgba(0, 0, 0, 0)\" class=\"has-inline-color has-vivid-cyan-blue-color\">de 14 \u00e0 17h<\/mark> <\/strong><\/em><\/font><em>(sauf vacances scolaires<\/em>)<\/p>\n\n\n\n<hr class=\"wp-block-separator has-alpha-channel-opacity is-style-wide\"\/>\n\n\n\n<p class=\"has-text-align-right\" style=\"font-size:10px\">Mise \u00e0 jour la 01 Aout 2022<\/p>\n\n\n\n<hr class=\"wp-block-separator has-alpha-channel-opacity\"\/>\n\n\n\n<p><\/p>\n","protected":false},"excerpt":{"rendered":"<p>Inscription indispensable \u00e0 la permanence pour toutes les sorties et les activit\u00e9s, les mardis et vendredis de 14 \u00e0 17h (sauf vacances scolaires) Mise \u00e0 jour la 01 Aout 2022<\/p>\n","protected":false},"author":1,"featured_media":0,"parent":0,"menu_order":0,"comment_status":"closed","ping_status":"closed","template":"","meta":{"_exactmetrics_skip_tracking":false,"_exactmetrics_sitenote_active":false,"_exactmetrics_sitenote_note":"","_exactmetrics_sitenote_category":0,"_monsterinsights_skip_tracking":false,"_monsterinsights_sitenote_active":false,"_monsterinsights_sitenote_note":"","_monsterinsights_sitenote_category":0,"footnotes":""},"class_list":["post-762","page","type-page","status-publish","hentry"],"_links":{"self":[{"href":"https:\/\/olivetvousaccueil.fr\/index.php?rest_route=\/wp\/v2\/pages\/762","targetHints":{"allow":["GET"]}}],"collection":[{"href":"https:\/\/olivetvousaccueil.fr\/index.php?rest_route=\/wp\/v2\/pages"}],"about":[{"href":"https:\/\/olivetvousaccueil.fr\/index.php?rest_route=\/wp\/v2\/types\/page"}],"author":[{"embeddable":true,"href":"https:\/\/olivetvousaccueil.fr\/index.php?rest_route=\/wp\/v2\/users\/1"}],"replies":[{"embeddable":true,"href":"https:\/\/olivetvousaccueil.fr\/index.php?rest_route=%2Fwp%2Fv2%2Fcomments&post=762"}],"version-history":[{"count":33,"href":"https:\/\/olivetvousaccueil.fr\/index.php?rest_route=\/wp\/v2\/pages\/762\/revisions"}],"predecessor-version":[{"id":2575,"href":"https:\/\/olivetvousaccueil.fr\/index.php?rest_route=\/wp\/v2\/pages\/762\/revisions\/2575"}],"wp:attachment":[{"href":"https:\/\/olivetvousaccueil.fr\/index.php?rest_route=%2Fwp%2Fv2%2Fmedia&parent=762"}],"curies":[{"name":"wp","href":"https:\/\/api.w.org\/{rel}","templated":true}]}}