{"id":281,"date":"2021-01-11T11:13:41","date_gmt":"2021-01-11T10:13:41","guid":{"rendered":"http:\/\/olivetvousaccueil.fr\/?page_id=281"},"modified":"2025-03-03T09:26:50","modified_gmt":"2025-03-03T08:26:50","slug":"jeux-de-societe","status":"publish","type":"page","link":"https:\/\/olivetvousaccueil.fr\/?page_id=281","title":{"rendered":"Jeux de soci\u00e9t\u00e9 :"},"content":{"rendered":"\n<figure class=\"wp-block-table\"><table class=\"has-pale-cyan-blue-background-color has-background\"><tbody><tr><td><\/td><\/tr><\/tbody><\/table><\/figure>\n\n\n<div class=\"wp-block-image is-style-default\">\n<figure class=\"aligncenter size-large\"><img loading=\"lazy\" decoding=\"async\" width=\"476\" height=\"360\" src=\"https:\/\/olivetvousaccueil.fr\/wp-content\/uploads\/2021\/06\/jeux-de-cartes.jpg\" alt=\"\" class=\"wp-image-631\" srcset=\"https:\/\/olivetvousaccueil.fr\/wp-content\/uploads\/2021\/06\/jeux-de-cartes.jpg 476w, https:\/\/olivetvousaccueil.fr\/wp-content\/uploads\/2021\/06\/jeux-de-cartes-300x227.jpg 300w\" sizes=\"auto, (max-width: 476px) 100vw, 476px\" \/><\/figure>\n<\/div>\n\n\n<div style=\"height:20px\" aria-hidden=\"true\" class=\"wp-block-spacer\"><\/div>\n\n\n\n<p class=\"has-text-align-center\"><strong><mark style=\"background-color:rgba(0, 0, 0, 0)\" class=\"has-inline-color has-vivid-cyan-blue-color\">Les jeux de soci\u00e9t\u00e9 se jouent en salle Champillou au 504A  avenue du Loiret chaque jeudi \u00e0 14heures. <\/mark><\/strong><br>Venez nous rejoindre , vous ne savez pas jouer !!\u2026\u2026 c\u2019est pas grave on vous apprendra. <br>Venez avec votre bonne humeur , nous partagerons nos sourires et notre joie de vous recevoir.<\/p>\n\n\n\n<p class=\"has-text-align-center\">&nbsp;&nbsp;La majorit\u00e9 de nos jeux se font \u00e0 partir de 2 personnes et certains&nbsp;<br>peuvent aller jusqu&rsquo;\u00e0 8. Suivant le nombre de joueurs pr\u00e9sents, nous&nbsp;<br>nous r\u00e9partissons en 1, 2, voire 3 tables.<\/p>\n\n\n\n<p class=\"has-text-align-center\">Quelques exemple de jeux pr\u00e9sents sur place : Qwirkle, SkipBo, Skyjo,&nbsp;<br>Level 8, 6 qui prend, Azul, Monopoly version cartes (donc plus rapide&nbsp;<br>qu&rsquo;un Monopoly classique), Rummikub, Jeux de d\u00e9s (Yam&rsquo;s), et des jeux de&nbsp;<br>54 cartes pour faire une Pina en \u00e9quipe par exemple.<\/p>\n\n\n\n<p class=\"has-text-align-center\">Nous apportons \u00e9galement nos propres jeux et certains en empruntent \u00e0 la&nbsp;<br>biblioth\u00e8que pour nous les faire d\u00e9couvrir.<\/p>\n\n\n\n<p class=\"has-text-align-center\">Tous les nouveaux joueurs sont les bienvenus, le tout \u00e9tant de venir&nbsp;<br>avec sa bonne humeur ! A votre arriv\u00e9e nous vous pr\u00e9sentons notre&nbsp;<br>panoplie. Vous choisissez de d\u00e9couvrir un jeu inconnu pour vous ou de&nbsp;<br>vous mettre dans l&rsquo;ambiance avec quelque chose que vous connaissez d\u00e9j\u00e0 !<\/p>\n\n\n\n<p class=\"has-text-align-center\">Ici, pas de comp\u00e9tition ! Nous sommes l\u00e0 pour nous d\u00e9tendre ! On perd,&nbsp;<br>pas de probl\u00e8me, on gagnera la prochaine fois&#8230;ou pas \ud83d\ude42<\/p>\n\n\n\n<p class=\"has-text-align-center\">Un petit d\u00e9tail, si de rester 3 heure \u00e0 jouer vous fait peur, vous&nbsp;<br>pouvez choisir de partir avant 17 heures. En effet, la plupart de nos&nbsp;<br>jeux se faisant en individuel, on ne p\u00e9nalise pas une \u00e9quipe en partant&nbsp;<br>avant la fin d&rsquo;une partie !<\/p>\n\n\n\n<figure class=\"wp-block-image size-large\"><img loading=\"lazy\" decoding=\"async\" width=\"1024\" height=\"461\" src=\"https:\/\/olivetvousaccueil.fr\/wp-content\/uploads\/2024\/11\/IMG_6140-1024x461.jpeg\" alt=\"\" class=\"wp-image-2053\" srcset=\"https:\/\/olivetvousaccueil.fr\/wp-content\/uploads\/2024\/11\/IMG_6140-1024x461.jpeg 1024w, https:\/\/olivetvousaccueil.fr\/wp-content\/uploads\/2024\/11\/IMG_6140-300x135.jpeg 300w, https:\/\/olivetvousaccueil.fr\/wp-content\/uploads\/2024\/11\/IMG_6140-768x346.jpeg 768w, https:\/\/olivetvousaccueil.fr\/wp-content\/uploads\/2024\/11\/IMG_6140-1536x691.jpeg 1536w, https:\/\/olivetvousaccueil.fr\/wp-content\/uploads\/2024\/11\/IMG_6140-2048x922.jpeg 2048w\" sizes=\"auto, (max-width: 1024px) 100vw, 1024px\" \/><\/figure>\n\n\n\n<figure class=\"wp-block-image size-large\"><img loading=\"lazy\" decoding=\"async\" width=\"1024\" height=\"461\" src=\"https:\/\/olivetvousaccueil.fr\/wp-content\/uploads\/2024\/11\/IMG_6139-1024x461.jpeg\" alt=\"\" class=\"wp-image-2054\" srcset=\"https:\/\/olivetvousaccueil.fr\/wp-content\/uploads\/2024\/11\/IMG_6139-1024x461.jpeg 1024w, https:\/\/olivetvousaccueil.fr\/wp-content\/uploads\/2024\/11\/IMG_6139-300x135.jpeg 300w, https:\/\/olivetvousaccueil.fr\/wp-content\/uploads\/2024\/11\/IMG_6139-768x346.jpeg 768w, https:\/\/olivetvousaccueil.fr\/wp-content\/uploads\/2024\/11\/IMG_6139-1536x691.jpeg 1536w, https:\/\/olivetvousaccueil.fr\/wp-content\/uploads\/2024\/11\/IMG_6139-2048x922.jpeg 2048w\" sizes=\"auto, (max-width: 1024px) 100vw, 1024px\" \/><\/figure>\n\n\n\n<p class=\"has-text-align-center\"><\/p>\n\n\n\n<p><\/p>\n\n\n\n<figure class=\"wp-block-table\"><table class=\"has-pale-cyan-blue-background-color has-background\"><tbody><tr><td><\/td><\/tr><\/tbody><\/table><\/figure>\n\n\n\n<p>Un peu de lecture \u2026 <\/p>\n\n\n\n<figure class=\"wp-block-image size-large\"><img loading=\"lazy\" decoding=\"async\" width=\"1024\" height=\"712\" src=\"https:\/\/olivetvousaccueil.fr\/wp-content\/uploads\/2025\/03\/IMG_6255-1024x712.png\" alt=\"\" class=\"wp-image-2236\" srcset=\"https:\/\/olivetvousaccueil.fr\/wp-content\/uploads\/2025\/03\/IMG_6255-1024x712.png 1024w, https:\/\/olivetvousaccueil.fr\/wp-content\/uploads\/2025\/03\/IMG_6255-300x208.png 300w, https:\/\/olivetvousaccueil.fr\/wp-content\/uploads\/2025\/03\/IMG_6255-768x534.png 768w, https:\/\/olivetvousaccueil.fr\/wp-content\/uploads\/2025\/03\/IMG_6255-1536x1067.png 1536w, https:\/\/olivetvousaccueil.fr\/wp-content\/uploads\/2025\/03\/IMG_6255-2048x1423.png 2048w\" sizes=\"auto, (max-width: 1024px) 100vw, 1024px\" \/><\/figure>\n\n\n\n<ul class=\"wp-block-list\">\n<li><mark style=\"background-color:rgba(0, 0, 0, 0)\" class=\"has-inline-color has-black-color\"><strong>BELOTE <\/strong>     &#8211;&gt; le jeudi \u00e0 14 heures <\/mark><\/li>\n\n\n\n<li><mark style=\"background-color:rgba(0, 0, 0, 0)\" class=\"has-inline-color has-black-color\"><strong>TAROT<\/strong>        &#8211;&gt; le lundi ou Vendredi \u00e0 14h (Opportunit\u00e9 d\u2019initiation<\/mark>)<\/li>\n\n\n\n<li><mark style=\"background-color:rgba(0, 0, 0, 0)\" class=\"has-inline-color has-black-color\"><strong>SCRABBLE<\/strong> &#8211;&gt; le lundi \u00e0 14 heures et le mardi \u00e0 14 heures pour le jeu en duplicate <\/mark>(Tirage commun pour l\u2019ensemble des joueurs)<\/li>\n\n\n\n<li><mark style=\"background-color:rgba(0, 0, 0, 0)\" class=\"has-inline-color has-black-color\"><strong>Jeux de soci\u00e9t\u00e9 DIVERS <\/strong> &#8211;&gt; le jeudi \u00e0 14 heures <\/mark><\/li>\n<\/ul>\n\n\n\n<figure class=\"wp-block-table\"><table class=\"has-pale-cyan-blue-background-color has-background\"><tbody><tr><td><\/td><\/tr><\/tbody><\/table><\/figure>\n\n\n\n<p class=\"has-text-align-right\" style=\"font-size:10px\">Mise \u00e0 jour 02 Novembre 2024<\/p>\n","protected":false},"excerpt":{"rendered":"<p>Les jeux de soci\u00e9t\u00e9 se jouent en salle Champillou au 504A avenue du Loiret chaque jeudi \u00e0 14heures. Venez nous rejoindre , vous ne savez pas jouer !!\u2026\u2026 c\u2019est pas grave on vous apprendra. Venez avec votre bonne humeur ,<\/p>\n","protected":false},"author":1,"featured_media":0,"parent":0,"menu_order":0,"comment_status":"closed","ping_status":"closed","template":"","meta":{"_exactmetrics_skip_tracking":false,"_exactmetrics_sitenote_active":false,"_exactmetrics_sitenote_note":"","_exactmetrics_sitenote_category":0,"_monsterinsights_skip_tracking":false,"_monsterinsights_sitenote_active":false,"_monsterinsights_sitenote_note":"","_monsterinsights_sitenote_category":0,"footnotes":""},"class_list":["post-281","page","type-page","status-publish","hentry"],"_links":{"self":[{"href":"https:\/\/olivetvousaccueil.fr\/index.php?rest_route=\/wp\/v2\/pages\/281","targetHints":{"allow":["GET"]}}],"collection":[{"href":"https:\/\/olivetvousaccueil.fr\/index.php?rest_route=\/wp\/v2\/pages"}],"about":[{"href":"https:\/\/olivetvousaccueil.fr\/index.php?rest_route=\/wp\/v2\/types\/page"}],"author":[{"embeddable":true,"href":"https:\/\/olivetvousaccueil.fr\/index.php?rest_route=\/wp\/v2\/users\/1"}],"replies":[{"embeddable":true,"href":"https:\/\/olivetvousaccueil.fr\/index.php?rest_route=%2Fwp%2Fv2%2Fcomments&post=281"}],"version-history":[{"count":29,"href":"https:\/\/olivetvousaccueil.fr\/index.php?rest_route=\/wp\/v2\/pages\/281\/revisions"}],"predecessor-version":[{"id":2257,"href":"https:\/\/olivetvousaccueil.fr\/index.php?rest_route=\/wp\/v2\/pages\/281\/revisions\/2257"}],"wp:attachment":[{"href":"https:\/\/olivetvousaccueil.fr\/index.php?rest_route=%2Fwp%2Fv2%2Fmedia&parent=281"}],"curies":[{"name":"wp","href":"https:\/\/api.w.org\/{rel}","templated":true}]}}