{"id":214,"date":"2021-01-11T10:28:21","date_gmt":"2021-01-11T09:28:21","guid":{"rendered":"http:\/\/olivetvousaccueil.fr\/?page_id=214"},"modified":"2025-01-13T10:08:31","modified_gmt":"2025-01-13T09:08:31","slug":"broderie","status":"publish","type":"page","link":"https:\/\/olivetvousaccueil.fr\/?page_id=214","title":{"rendered":"Broderie, Tricot , Crochet"},"content":{"rendered":"\n<p><\/p>\n\n\n\n<hr class=\"wp-block-separator has-css-opacity\"\/>\n\n\n\n<figure class=\"wp-block-table\"><table class=\"has-pale-cyan-blue-background-color has-background\"><tbody><tr><td><\/td><\/tr><\/tbody><\/table><\/figure>\n\n\n\n<div class=\"wp-block-media-text is-stacked-on-mobile\" style=\"grid-template-columns:61% auto\"><figure class=\"wp-block-media-text__media\"><img loading=\"lazy\" decoding=\"async\" width=\"600\" height=\"340\" src=\"https:\/\/olivetvousaccueil.fr\/wp-content\/uploads\/2021\/07\/BRODERIE.Capture-e1627398790112.jpg\" alt=\"\" class=\"wp-image-1048 size-full\"\/><\/figure><div class=\"wp-block-media-text__content\">\n<p class=\"has-vivid-cyan-blue-color has-text-color has-medium-font-size\">R\u00e9alisation de <strong>broderies \u00e0 points compt\u00e9s <\/strong>sur des sujets propos\u00e9s par le groupe.<\/p>\n\n\n\n<p class=\"has-vivid-cyan-blue-color has-text-color has-medium-font-size\">Rendez-vous salle Harmonie de 14h \u00e0 16h45. <\/p>\n<\/div><\/div>\n\n\n\n<figure class=\"wp-block-table has-medium-font-size\"><table class=\"has-pale-cyan-blue-background-color has-background\"><tbody><tr><td><\/td><\/tr><\/tbody><\/table><figcaption class=\"wp-element-caption\"><strong><mark style=\"background-color:rgba(0, 0, 0, 0)\" class=\"has-inline-color has-vivid-red-color\"><em>Les dates propos\u00e9es sont les suivantes:<\/em><\/mark><\/strong><\/figcaption><\/figure>\n\n\n\n<p class=\"has-text-align-center has-vivid-cyan-blue-color has-light-green-cyan-background-color has-text-color has-background has-medium-font-size\"><strong>Voir les dates dans le programme du trimestre en cours<\/strong><\/p>\n\n\n\n<h2 class=\"wp-block-heading has-text-align-center\">L&rsquo;exposition des broderies fut un succ\u00e8s, de nombreux visiteurs y sont venus. Retrouvez ci-dessous quelques oeuvres de nos soci\u00e9taires &#8230;. <\/h2>\n\n\n<div class=\"wp-block-image\">\n<figure class=\"aligncenter size-full\"><img loading=\"lazy\" decoding=\"async\" width=\"374\" height=\"225\" src=\"https:\/\/olivetvousaccueil.fr\/wp-content\/uploads\/2023\/10\/Affiche-broderie1.jpg\" alt=\"\" class=\"wp-image-1842\" srcset=\"https:\/\/olivetvousaccueil.fr\/wp-content\/uploads\/2023\/10\/Affiche-broderie1.jpg 374w, https:\/\/olivetvousaccueil.fr\/wp-content\/uploads\/2023\/10\/Affiche-broderie1-300x180.jpg 300w\" sizes=\"auto, (max-width: 374px) 100vw, 374px\" \/><\/figure>\n<\/div>\n\n<div class=\"wp-block-image\">\n<figure class=\"aligncenter size-large\"><img loading=\"lazy\" decoding=\"async\" width=\"1024\" height=\"683\" src=\"https:\/\/olivetvousaccueil.fr\/wp-content\/uploads\/2023\/10\/Sans-titre-1-1024x683.jpg\" alt=\"\" class=\"wp-image-1843\" srcset=\"https:\/\/olivetvousaccueil.fr\/wp-content\/uploads\/2023\/10\/Sans-titre-1-1024x683.jpg 1024w, https:\/\/olivetvousaccueil.fr\/wp-content\/uploads\/2023\/10\/Sans-titre-1-300x200.jpg 300w, https:\/\/olivetvousaccueil.fr\/wp-content\/uploads\/2023\/10\/Sans-titre-1-768x512.jpg 768w, https:\/\/olivetvousaccueil.fr\/wp-content\/uploads\/2023\/10\/Sans-titre-1-1536x1024.jpg 1536w, https:\/\/olivetvousaccueil.fr\/wp-content\/uploads\/2023\/10\/Sans-titre-1.jpg 1800w\" sizes=\"auto, (max-width: 1024px) 100vw, 1024px\" \/><\/figure>\n<\/div>\n\n<div class=\"wp-block-image\">\n<figure class=\"aligncenter size-large\"><img loading=\"lazy\" decoding=\"async\" width=\"1024\" height=\"683\" src=\"https:\/\/olivetvousaccueil.fr\/wp-content\/uploads\/2023\/10\/Sans-titre-2-1024x683.jpg\" alt=\"\" class=\"wp-image-1845\" srcset=\"https:\/\/olivetvousaccueil.fr\/wp-content\/uploads\/2023\/10\/Sans-titre-2-1024x683.jpg 1024w, https:\/\/olivetvousaccueil.fr\/wp-content\/uploads\/2023\/10\/Sans-titre-2-300x200.jpg 300w, https:\/\/olivetvousaccueil.fr\/wp-content\/uploads\/2023\/10\/Sans-titre-2-768x512.jpg 768w, https:\/\/olivetvousaccueil.fr\/wp-content\/uploads\/2023\/10\/Sans-titre-2-1536x1024.jpg 1536w, https:\/\/olivetvousaccueil.fr\/wp-content\/uploads\/2023\/10\/Sans-titre-2.jpg 1800w\" sizes=\"auto, (max-width: 1024px) 100vw, 1024px\" \/><\/figure>\n<\/div>\n\n<div class=\"wp-block-image\">\n<figure class=\"aligncenter size-large\"><img loading=\"lazy\" decoding=\"async\" width=\"1024\" height=\"683\" src=\"https:\/\/olivetvousaccueil.fr\/wp-content\/uploads\/2023\/10\/Sans-titre-3-1024x683.jpg\" alt=\"\" class=\"wp-image-1846\" srcset=\"https:\/\/olivetvousaccueil.fr\/wp-content\/uploads\/2023\/10\/Sans-titre-3-1024x683.jpg 1024w, https:\/\/olivetvousaccueil.fr\/wp-content\/uploads\/2023\/10\/Sans-titre-3-300x200.jpg 300w, https:\/\/olivetvousaccueil.fr\/wp-content\/uploads\/2023\/10\/Sans-titre-3-768x512.jpg 768w, https:\/\/olivetvousaccueil.fr\/wp-content\/uploads\/2023\/10\/Sans-titre-3-1536x1024.jpg 1536w, https:\/\/olivetvousaccueil.fr\/wp-content\/uploads\/2023\/10\/Sans-titre-3.jpg 1800w\" sizes=\"auto, (max-width: 1024px) 100vw, 1024px\" \/><\/figure>\n<\/div>\n\n<div class=\"wp-block-image\">\n<figure class=\"aligncenter size-large\"><img loading=\"lazy\" decoding=\"async\" width=\"1024\" height=\"683\" src=\"https:\/\/olivetvousaccueil.fr\/wp-content\/uploads\/2023\/10\/Sans-titre-4-1024x683.jpg\" alt=\"\" class=\"wp-image-1847\" srcset=\"https:\/\/olivetvousaccueil.fr\/wp-content\/uploads\/2023\/10\/Sans-titre-4-1024x683.jpg 1024w, https:\/\/olivetvousaccueil.fr\/wp-content\/uploads\/2023\/10\/Sans-titre-4-300x200.jpg 300w, https:\/\/olivetvousaccueil.fr\/wp-content\/uploads\/2023\/10\/Sans-titre-4-768x512.jpg 768w, https:\/\/olivetvousaccueil.fr\/wp-content\/uploads\/2023\/10\/Sans-titre-4-1536x1024.jpg 1536w, https:\/\/olivetvousaccueil.fr\/wp-content\/uploads\/2023\/10\/Sans-titre-4.jpg 1800w\" sizes=\"auto, (max-width: 1024px) 100vw, 1024px\" \/><\/figure>\n<\/div>\n\n<div class=\"wp-block-image\">\n<figure class=\"aligncenter size-large\"><img loading=\"lazy\" decoding=\"async\" width=\"1024\" height=\"683\" src=\"https:\/\/olivetvousaccueil.fr\/wp-content\/uploads\/2023\/10\/Sans-titre-5-1024x683.jpg\" alt=\"\" class=\"wp-image-1848\" srcset=\"https:\/\/olivetvousaccueil.fr\/wp-content\/uploads\/2023\/10\/Sans-titre-5-1024x683.jpg 1024w, https:\/\/olivetvousaccueil.fr\/wp-content\/uploads\/2023\/10\/Sans-titre-5-300x200.jpg 300w, https:\/\/olivetvousaccueil.fr\/wp-content\/uploads\/2023\/10\/Sans-titre-5-768x512.jpg 768w, https:\/\/olivetvousaccueil.fr\/wp-content\/uploads\/2023\/10\/Sans-titre-5-1536x1024.jpg 1536w, https:\/\/olivetvousaccueil.fr\/wp-content\/uploads\/2023\/10\/Sans-titre-5.jpg 1800w\" sizes=\"auto, (max-width: 1024px) 100vw, 1024px\" \/><\/figure>\n<\/div>\n\n\n<p class=\"has-text-align-center has-medium-font-size\"><strong>Pour en voir plus, vous pouvez cliquer sur le lien ci-apr\u00e8s <\/strong>:   <a rel=\"noreferrer noopener\" href=\"https:\/\/photos.app.goo.gl\/stNxPkNybVy8VDnY7\" target=\"_blank\"><strong>https:\/\/photos.app.goo.gl\/stNxPkNybVy8VDnY7<\/strong><\/a><\/p>\n\n\n\n<p class=\"has-medium-font-size\"><\/p>\n\n\n\n<p class=\"has-text-align-right\" style=\"font-size:10px\">Mise \u00e0 jour 04 avril 2024<\/p>\n\n\n\n<p><\/p>\n","protected":false},"excerpt":{"rendered":"<p>R\u00e9alisation de broderies \u00e0 points compt\u00e9s sur des sujets propos\u00e9s par le groupe. Rendez-vous salle Harmonie de 14h \u00e0 16h45. Les dates propos\u00e9es sont les suivantes: Voir les dates dans le programme du trimestre en cours L&rsquo;exposition des broderies fut<\/p>\n","protected":false},"author":1,"featured_media":0,"parent":0,"menu_order":0,"comment_status":"closed","ping_status":"closed","template":"","meta":{"_exactmetrics_skip_tracking":false,"_exactmetrics_sitenote_active":false,"_exactmetrics_sitenote_note":"","_exactmetrics_sitenote_category":0,"_monsterinsights_skip_tracking":false,"_monsterinsights_sitenote_active":false,"_monsterinsights_sitenote_note":"","_monsterinsights_sitenote_category":0,"footnotes":""},"class_list":["post-214","page","type-page","status-publish","hentry"],"_links":{"self":[{"href":"https:\/\/olivetvousaccueil.fr\/index.php?rest_route=\/wp\/v2\/pages\/214","targetHints":{"allow":["GET"]}}],"collection":[{"href":"https:\/\/olivetvousaccueil.fr\/index.php?rest_route=\/wp\/v2\/pages"}],"about":[{"href":"https:\/\/olivetvousaccueil.fr\/index.php?rest_route=\/wp\/v2\/types\/page"}],"author":[{"embeddable":true,"href":"https:\/\/olivetvousaccueil.fr\/index.php?rest_route=\/wp\/v2\/users\/1"}],"replies":[{"embeddable":true,"href":"https:\/\/olivetvousaccueil.fr\/index.php?rest_route=%2Fwp%2Fv2%2Fcomments&post=214"}],"version-history":[{"count":28,"href":"https:\/\/olivetvousaccueil.fr\/index.php?rest_route=\/wp\/v2\/pages\/214\/revisions"}],"predecessor-version":[{"id":2207,"href":"https:\/\/olivetvousaccueil.fr\/index.php?rest_route=\/wp\/v2\/pages\/214\/revisions\/2207"}],"wp:attachment":[{"href":"https:\/\/olivetvousaccueil.fr\/index.php?rest_route=%2Fwp%2Fv2%2Fmedia&parent=214"}],"curies":[{"name":"wp","href":"https:\/\/api.w.org\/{rel}","templated":true}]}}