{"id":196,"date":"2021-01-11T10:19:06","date_gmt":"2021-01-11T09:19:06","guid":{"rendered":"http:\/\/olivetvousaccueil.fr\/?page_id=196"},"modified":"2025-07-01T20:48:05","modified_gmt":"2025-07-01T18:48:05","slug":"petanque","status":"publish","type":"page","link":"https:\/\/olivetvousaccueil.fr\/?page_id=196","title":{"rendered":"P\u00e9tanque :"},"content":{"rendered":"\n<p>TOURNOI DE FIN DE SAISON 2024 \/ 2025<\/p>\n\n\n\n<p><strong>Concours de p\u00e9tanque du mardi 24 juin 2025<\/strong><\/p>\n\n\n\n<p><strong>Bravant la chaleur de cette journ\u00e9e ensoleill\u00e9e, 17 p\u00e9tanqueurs se sont rassembl\u00e9s au Domaine du Donjon pour participer \u00e0 un concours en quatre parties&nbsp;; deux le matin et apr\u00e8s un pique-nique bien arros\u00e9, deux l\u2019apr\u00e8s-midi.<\/strong><\/p>\n\n\n\n<p><strong>Cette journ\u00e9e s\u2019est termin\u00e9e par la remise des troph\u00e9es&nbsp;:<\/strong><\/p>\n\n\n\n<p>&#8211;&nbsp;<strong>Une coupe pour le premier monsieur, une au deuxi\u00e8me.<\/strong><\/p>\n\n\n\n<p>&#8211;&nbsp;<strong>Une autre pour la premi\u00e8re dame et une pour le dernier du classement.<\/strong><\/p>\n\n\n\n<p><strong>Merci \u00e0 notre gentil organisateur, le responsable de la section G\u00e9rard&nbsp;<\/strong><strong>Aubineau<\/strong><strong>&nbsp;pour cette belle journ\u00e9e conviviale et amicale.<\/strong><\/p>\n\n\n\n<p><strong>&nbsp; &nbsp; &nbsp; &nbsp; &nbsp; &nbsp; &nbsp; &nbsp; &nbsp; &nbsp; &nbsp; &nbsp; &nbsp; &nbsp; &nbsp; &nbsp; &nbsp; &nbsp; &nbsp;&nbsp;<\/strong><strong>Un joyeux p\u00e9tanqueur<\/strong><\/p>\n\n\n\n<p>              <strong>Jean-Marc<\/strong><\/p>\n\n\n\n<p>cliquez sur le lien pour retrouver vos souvenirs de cette magnifique journee : <a href=\"https:\/\/photos.app.goo.gl\/T6q3ioFPV4ahQL8H6\">https:\/\/photos.app.goo.gl\/T6q3ioFPV4ahQL8H6<\/a><\/p>\n\n\n\n<p><\/p>\n\n\n\n<p><\/p>\n\n\n\n<p class=\"has-text-align-center\" style=\"font-size:17px\"><mark style=\"background-color:rgba(0, 0, 0, 0)\" class=\"has-inline-color has-vivid-cyan-blue-color\"><strong>La p\u00e9tanque se joue au \u00ab\u00a0Domaine du Donjon\u00a0\u00bb \u00e0 OLIVET<\/strong>.<\/mark><\/p>\n\n\n\n<p class=\"has-text-align-center\" style=\"font-size:17px\"><mark style=\"background-color:rgba(0, 0, 0, 0)\" class=\"has-inline-color has-vivid-cyan-blue-color\"><strong>le mardi et le jeudi \u00e0 14 heures.<\/strong><\/mark><\/p>\n\n\n\n<p>L\u2019Activit\u00e9 se d\u00e9roule au Donjon tous  les mardis et jeudis de 14h a 17h<\/p>\n\n\n\n<p>Terrain de p\u00e9tanque situ\u00e9 \u00e0 c\u00f4t\u00e9 du club de tennis&nbsp;<\/p>\n\n\n\n<p>L &lsquo;activit\u00e9 se d\u00e9roule \u00e0 la m\u00eal\u00e9e pour composer&nbsp;des Doublettes ou triplettes.<\/p>\n\n\n\n<p>Nous changeons de partenaire et d\u2019adversaire \u00e0&nbsp; chaque partie.<\/p>\n\n\n\n<p>Chez nous c\u2019est avant tout La bonne humeur et convivialit\u00e9 qui prevaut.<\/p>\n\n\n\n<p>Rejoignez nous !<\/p>\n\n\n\n<p><strong>veuillez trouver ci joint quelques photos de notre tr\u00e8s belle \u00e9quipe du groupe p\u00e9tanque d\u00e9gustant le Beaujolais Nouveau 2024.A premi\u00e8re vue la qualit\u00e9 du breuvage \u00e9tait au rendez vous , en tout cas les photos attestent de la tr\u00e8s bonne humeur partag\u00e9e autour de ce fameux breuvage.<\/strong><\/p>\n\n\n\n<p><\/p>\n\n\n\n<figure class=\"wp-block-gallery has-nested-images columns-default is-cropped wp-block-gallery-1 is-layout-flex wp-block-gallery-is-layout-flex\">\n<figure class=\"wp-block-image size-large\"><img loading=\"lazy\" decoding=\"async\" width=\"1024\" height=\"576\" data-id=\"1663\" src=\"https:\/\/olivetvousaccueil.fr\/wp-content\/uploads\/2022\/10\/OVA-Petanque-1024x576.jpg\" alt=\"\" class=\"wp-image-1663\" srcset=\"https:\/\/olivetvousaccueil.fr\/wp-content\/uploads\/2022\/10\/OVA-Petanque-1024x576.jpg 1024w, https:\/\/olivetvousaccueil.fr\/wp-content\/uploads\/2022\/10\/OVA-Petanque-300x169.jpg 300w, https:\/\/olivetvousaccueil.fr\/wp-content\/uploads\/2022\/10\/OVA-Petanque-768x432.jpg 768w, https:\/\/olivetvousaccueil.fr\/wp-content\/uploads\/2022\/10\/OVA-Petanque.jpg 1263w\" sizes=\"auto, (max-width: 1024px) 100vw, 1024px\" \/><figcaption class=\"wp-element-caption\">Les passionn\u00e9s de la p\u00e9tanque ! <\/figcaption><\/figure>\n\n\n\n<figure class=\"wp-block-image size-large\"><img loading=\"lazy\" decoding=\"async\" width=\"587\" height=\"783\" data-id=\"2113\" src=\"https:\/\/olivetvousaccueil.fr\/wp-content\/uploads\/2024\/12\/IMG_6161.jpeg\" alt=\"\" class=\"wp-image-2113\" srcset=\"https:\/\/olivetvousaccueil.fr\/wp-content\/uploads\/2024\/12\/IMG_6161.jpeg 587w, https:\/\/olivetvousaccueil.fr\/wp-content\/uploads\/2024\/12\/IMG_6161-225x300.jpeg 225w\" sizes=\"auto, (max-width: 587px) 100vw, 587px\" \/><\/figure>\n\n\n\n<figure class=\"wp-block-image size-large\"><img loading=\"lazy\" decoding=\"async\" width=\"1024\" height=\"768\" data-id=\"2112\" src=\"https:\/\/olivetvousaccueil.fr\/wp-content\/uploads\/2024\/12\/IMG_6160-1024x768.jpeg\" alt=\"\" class=\"wp-image-2112\" srcset=\"https:\/\/olivetvousaccueil.fr\/wp-content\/uploads\/2024\/12\/IMG_6160-1024x768.jpeg 1024w, https:\/\/olivetvousaccueil.fr\/wp-content\/uploads\/2024\/12\/IMG_6160-300x225.jpeg 300w, https:\/\/olivetvousaccueil.fr\/wp-content\/uploads\/2024\/12\/IMG_6160-768x576.jpeg 768w, https:\/\/olivetvousaccueil.fr\/wp-content\/uploads\/2024\/12\/IMG_6160.jpeg 1044w\" sizes=\"auto, (max-width: 1024px) 100vw, 1024px\" \/><\/figure>\n\n\n\n<figure class=\"wp-block-image size-large\"><img loading=\"lazy\" decoding=\"async\" width=\"1024\" height=\"768\" data-id=\"2111\" src=\"https:\/\/olivetvousaccueil.fr\/wp-content\/uploads\/2024\/12\/IMG_6159-1024x768.jpeg\" alt=\"\" class=\"wp-image-2111\" srcset=\"https:\/\/olivetvousaccueil.fr\/wp-content\/uploads\/2024\/12\/IMG_6159-1024x768.jpeg 1024w, https:\/\/olivetvousaccueil.fr\/wp-content\/uploads\/2024\/12\/IMG_6159-300x225.jpeg 300w, https:\/\/olivetvousaccueil.fr\/wp-content\/uploads\/2024\/12\/IMG_6159-768x576.jpeg 768w, https:\/\/olivetvousaccueil.fr\/wp-content\/uploads\/2024\/12\/IMG_6159.jpeg 1044w\" sizes=\"auto, (max-width: 1024px) 100vw, 1024px\" \/><\/figure>\n\n\n\n<figure class=\"wp-block-image size-large\"><img loading=\"lazy\" decoding=\"async\" width=\"1024\" height=\"768\" data-id=\"2110\" src=\"https:\/\/olivetvousaccueil.fr\/wp-content\/uploads\/2024\/12\/IMG_6158-1024x768.jpeg\" alt=\"\" class=\"wp-image-2110\" srcset=\"https:\/\/olivetvousaccueil.fr\/wp-content\/uploads\/2024\/12\/IMG_6158-1024x768.jpeg 1024w, https:\/\/olivetvousaccueil.fr\/wp-content\/uploads\/2024\/12\/IMG_6158-300x225.jpeg 300w, https:\/\/olivetvousaccueil.fr\/wp-content\/uploads\/2024\/12\/IMG_6158-768x576.jpeg 768w, https:\/\/olivetvousaccueil.fr\/wp-content\/uploads\/2024\/12\/IMG_6158.jpeg 1044w\" sizes=\"auto, (max-width: 1024px) 100vw, 1024px\" \/><\/figure>\n\n\n\n<figure class=\"wp-block-image size-large\"><img loading=\"lazy\" decoding=\"async\" width=\"587\" height=\"783\" data-id=\"2109\" src=\"https:\/\/olivetvousaccueil.fr\/wp-content\/uploads\/2024\/12\/IMG_6162.jpeg\" alt=\"\" class=\"wp-image-2109\" srcset=\"https:\/\/olivetvousaccueil.fr\/wp-content\/uploads\/2024\/12\/IMG_6162.jpeg 587w, https:\/\/olivetvousaccueil.fr\/wp-content\/uploads\/2024\/12\/IMG_6162-225x300.jpeg 225w\" sizes=\"auto, (max-width: 587px) 100vw, 587px\" \/><\/figure>\n\n\n\n<figure class=\"wp-block-image size-large\"><img loading=\"lazy\" decoding=\"async\" width=\"587\" height=\"783\" data-id=\"2108\" src=\"https:\/\/olivetvousaccueil.fr\/wp-content\/uploads\/2024\/12\/IMG_6163.jpeg\" alt=\"\" class=\"wp-image-2108\" srcset=\"https:\/\/olivetvousaccueil.fr\/wp-content\/uploads\/2024\/12\/IMG_6163.jpeg 587w, https:\/\/olivetvousaccueil.fr\/wp-content\/uploads\/2024\/12\/IMG_6163-225x300.jpeg 225w\" sizes=\"auto, (max-width: 587px) 100vw, 587px\" \/><\/figure>\n\n\n\n<figure class=\"wp-block-image size-large\"><img loading=\"lazy\" decoding=\"async\" width=\"587\" height=\"783\" data-id=\"2107\" src=\"https:\/\/olivetvousaccueil.fr\/wp-content\/uploads\/2024\/12\/IMG_6164.jpeg\" alt=\"\" class=\"wp-image-2107\" srcset=\"https:\/\/olivetvousaccueil.fr\/wp-content\/uploads\/2024\/12\/IMG_6164.jpeg 587w, https:\/\/olivetvousaccueil.fr\/wp-content\/uploads\/2024\/12\/IMG_6164-225x300.jpeg 225w\" sizes=\"auto, (max-width: 587px) 100vw, 587px\" \/><\/figure>\n\n\n\n<figure class=\"wp-block-image size-large\"><img loading=\"lazy\" decoding=\"async\" width=\"587\" height=\"783\" data-id=\"2106\" src=\"https:\/\/olivetvousaccueil.fr\/wp-content\/uploads\/2024\/12\/IMG_6165.jpeg\" alt=\"\" class=\"wp-image-2106\" srcset=\"https:\/\/olivetvousaccueil.fr\/wp-content\/uploads\/2024\/12\/IMG_6165.jpeg 587w, https:\/\/olivetvousaccueil.fr\/wp-content\/uploads\/2024\/12\/IMG_6165-225x300.jpeg 225w\" sizes=\"auto, (max-width: 587px) 100vw, 587px\" \/><\/figure>\n\n\n\n<figure class=\"wp-block-image size-large\"><img loading=\"lazy\" decoding=\"async\" width=\"587\" height=\"783\" data-id=\"2105\" src=\"https:\/\/olivetvousaccueil.fr\/wp-content\/uploads\/2024\/12\/IMG_6166.jpeg\" alt=\"\" class=\"wp-image-2105\" srcset=\"https:\/\/olivetvousaccueil.fr\/wp-content\/uploads\/2024\/12\/IMG_6166.jpeg 587w, https:\/\/olivetvousaccueil.fr\/wp-content\/uploads\/2024\/12\/IMG_6166-225x300.jpeg 225w\" sizes=\"auto, (max-width: 587px) 100vw, 587px\" \/><\/figure>\n\n\n\n<figure class=\"wp-block-image size-large\"><img loading=\"lazy\" decoding=\"async\" width=\"587\" height=\"783\" data-id=\"2104\" src=\"https:\/\/olivetvousaccueil.fr\/wp-content\/uploads\/2024\/12\/IMG_6167.jpeg\" alt=\"\" class=\"wp-image-2104\" srcset=\"https:\/\/olivetvousaccueil.fr\/wp-content\/uploads\/2024\/12\/IMG_6167.jpeg 587w, https:\/\/olivetvousaccueil.fr\/wp-content\/uploads\/2024\/12\/IMG_6167-225x300.jpeg 225w\" sizes=\"auto, (max-width: 587px) 100vw, 587px\" \/><\/figure>\n\n\n\n<figure class=\"wp-block-image size-large\"><img loading=\"lazy\" decoding=\"async\" width=\"587\" height=\"783\" data-id=\"2103\" src=\"https:\/\/olivetvousaccueil.fr\/wp-content\/uploads\/2024\/12\/IMG_6168.jpeg\" alt=\"\" class=\"wp-image-2103\" srcset=\"https:\/\/olivetvousaccueil.fr\/wp-content\/uploads\/2024\/12\/IMG_6168.jpeg 587w, https:\/\/olivetvousaccueil.fr\/wp-content\/uploads\/2024\/12\/IMG_6168-225x300.jpeg 225w\" sizes=\"auto, (max-width: 587px) 100vw, 587px\" \/><\/figure>\n\n\n\n<figure class=\"wp-block-image size-large\"><img loading=\"lazy\" decoding=\"async\" width=\"587\" height=\"783\" data-id=\"2102\" src=\"https:\/\/olivetvousaccueil.fr\/wp-content\/uploads\/2024\/12\/IMG_6169.jpeg\" alt=\"\" class=\"wp-image-2102\" srcset=\"https:\/\/olivetvousaccueil.fr\/wp-content\/uploads\/2024\/12\/IMG_6169.jpeg 587w, https:\/\/olivetvousaccueil.fr\/wp-content\/uploads\/2024\/12\/IMG_6169-225x300.jpeg 225w\" sizes=\"auto, (max-width: 587px) 100vw, 587px\" \/><\/figure>\n\n\n\n<figure class=\"wp-block-image size-large\"><img loading=\"lazy\" decoding=\"async\" width=\"587\" height=\"783\" data-id=\"2101\" src=\"https:\/\/olivetvousaccueil.fr\/wp-content\/uploads\/2024\/12\/IMG_6170.jpeg\" alt=\"\" class=\"wp-image-2101\" srcset=\"https:\/\/olivetvousaccueil.fr\/wp-content\/uploads\/2024\/12\/IMG_6170.jpeg 587w, https:\/\/olivetvousaccueil.fr\/wp-content\/uploads\/2024\/12\/IMG_6170-225x300.jpeg 225w\" sizes=\"auto, (max-width: 587px) 100vw, 587px\" \/><\/figure>\n\n\n\n<figure class=\"wp-block-image size-large\"><img loading=\"lazy\" decoding=\"async\" width=\"587\" height=\"783\" data-id=\"2100\" src=\"https:\/\/olivetvousaccueil.fr\/wp-content\/uploads\/2024\/12\/IMG_6171.jpeg\" alt=\"\" class=\"wp-image-2100\" srcset=\"https:\/\/olivetvousaccueil.fr\/wp-content\/uploads\/2024\/12\/IMG_6171.jpeg 587w, https:\/\/olivetvousaccueil.fr\/wp-content\/uploads\/2024\/12\/IMG_6171-225x300.jpeg 225w\" sizes=\"auto, (max-width: 587px) 100vw, 587px\" \/><\/figure>\n\n\n\n<figure class=\"wp-block-image size-large\"><img loading=\"lazy\" decoding=\"async\" width=\"587\" height=\"783\" data-id=\"2099\" src=\"https:\/\/olivetvousaccueil.fr\/wp-content\/uploads\/2024\/12\/IMG_6176.jpeg\" alt=\"\" class=\"wp-image-2099\" srcset=\"https:\/\/olivetvousaccueil.fr\/wp-content\/uploads\/2024\/12\/IMG_6176.jpeg 587w, https:\/\/olivetvousaccueil.fr\/wp-content\/uploads\/2024\/12\/IMG_6176-225x300.jpeg 225w\" sizes=\"auto, (max-width: 587px) 100vw, 587px\" \/><\/figure>\n\n\n\n<figure class=\"wp-block-image size-large\"><img loading=\"lazy\" decoding=\"async\" width=\"587\" height=\"783\" data-id=\"2098\" src=\"https:\/\/olivetvousaccueil.fr\/wp-content\/uploads\/2024\/12\/IMG_6175.jpeg\" alt=\"\" class=\"wp-image-2098\" srcset=\"https:\/\/olivetvousaccueil.fr\/wp-content\/uploads\/2024\/12\/IMG_6175.jpeg 587w, https:\/\/olivetvousaccueil.fr\/wp-content\/uploads\/2024\/12\/IMG_6175-225x300.jpeg 225w\" sizes=\"auto, (max-width: 587px) 100vw, 587px\" \/><\/figure>\n\n\n\n<figure class=\"wp-block-image size-large\"><img loading=\"lazy\" decoding=\"async\" width=\"587\" height=\"783\" data-id=\"2097\" src=\"https:\/\/olivetvousaccueil.fr\/wp-content\/uploads\/2024\/12\/IMG_6174.jpeg\" alt=\"\" class=\"wp-image-2097\" srcset=\"https:\/\/olivetvousaccueil.fr\/wp-content\/uploads\/2024\/12\/IMG_6174.jpeg 587w, https:\/\/olivetvousaccueil.fr\/wp-content\/uploads\/2024\/12\/IMG_6174-225x300.jpeg 225w\" sizes=\"auto, (max-width: 587px) 100vw, 587px\" \/><\/figure>\n\n\n\n<figure class=\"wp-block-image size-large\"><img loading=\"lazy\" decoding=\"async\" width=\"587\" height=\"783\" data-id=\"2096\" src=\"https:\/\/olivetvousaccueil.fr\/wp-content\/uploads\/2024\/12\/IMG_6173.jpeg\" alt=\"\" class=\"wp-image-2096\" srcset=\"https:\/\/olivetvousaccueil.fr\/wp-content\/uploads\/2024\/12\/IMG_6173.jpeg 587w, https:\/\/olivetvousaccueil.fr\/wp-content\/uploads\/2024\/12\/IMG_6173-225x300.jpeg 225w\" sizes=\"auto, (max-width: 587px) 100vw, 587px\" \/><\/figure>\n\n\n\n<figure class=\"wp-block-image size-large\"><img loading=\"lazy\" decoding=\"async\" width=\"587\" height=\"783\" data-id=\"2095\" src=\"https:\/\/olivetvousaccueil.fr\/wp-content\/uploads\/2024\/12\/IMG_6172.jpeg\" alt=\"\" class=\"wp-image-2095\" srcset=\"https:\/\/olivetvousaccueil.fr\/wp-content\/uploads\/2024\/12\/IMG_6172.jpeg 587w, https:\/\/olivetvousaccueil.fr\/wp-content\/uploads\/2024\/12\/IMG_6172-225x300.jpeg 225w\" sizes=\"auto, (max-width: 587px) 100vw, 587px\" \/><\/figure>\n\n\n\n<figure class=\"wp-block-image size-large\"><img decoding=\"async\" data-id=\"2094\" src=\"https:\/\/olivetvousaccueil.fr\/wp-content\/uploads\/2024\/12\/IMG_6177.jpeg\" alt=\"\" class=\"wp-image-2094\"\/><\/figure>\n\n\n\n<figure class=\"wp-block-image size-large\"><img loading=\"lazy\" decoding=\"async\" width=\"587\" height=\"783\" data-id=\"2093\" src=\"https:\/\/olivetvousaccueil.fr\/wp-content\/uploads\/2024\/12\/IMG_6178.jpeg\" alt=\"\" class=\"wp-image-2093\" srcset=\"https:\/\/olivetvousaccueil.fr\/wp-content\/uploads\/2024\/12\/IMG_6178.jpeg 587w, https:\/\/olivetvousaccueil.fr\/wp-content\/uploads\/2024\/12\/IMG_6178-225x300.jpeg 225w\" sizes=\"auto, (max-width: 587px) 100vw, 587px\" \/><\/figure>\n\n\n\n<figure class=\"wp-block-image size-large\"><img loading=\"lazy\" decoding=\"async\" width=\"587\" height=\"783\" data-id=\"2092\" src=\"https:\/\/olivetvousaccueil.fr\/wp-content\/uploads\/2024\/12\/IMG_6179.jpeg\" alt=\"\" class=\"wp-image-2092\" srcset=\"https:\/\/olivetvousaccueil.fr\/wp-content\/uploads\/2024\/12\/IMG_6179.jpeg 587w, https:\/\/olivetvousaccueil.fr\/wp-content\/uploads\/2024\/12\/IMG_6179-225x300.jpeg 225w\" sizes=\"auto, (max-width: 587px) 100vw, 587px\" \/><\/figure>\n\n\n\n<figure class=\"wp-block-image size-large\"><img decoding=\"async\" data-id=\"2091\" src=\"https:\/\/olivetvousaccueil.fr\/wp-content\/uploads\/2024\/12\/IMG_6180.jpeg\" alt=\"\" class=\"wp-image-2091\"\/><\/figure>\n\n\n\n<figure class=\"wp-block-image size-large\"><img loading=\"lazy\" decoding=\"async\" width=\"587\" height=\"783\" data-id=\"2090\" src=\"https:\/\/olivetvousaccueil.fr\/wp-content\/uploads\/2024\/12\/IMG_6181.jpeg\" alt=\"\" class=\"wp-image-2090\" srcset=\"https:\/\/olivetvousaccueil.fr\/wp-content\/uploads\/2024\/12\/IMG_6181.jpeg 587w, https:\/\/olivetvousaccueil.fr\/wp-content\/uploads\/2024\/12\/IMG_6181-225x300.jpeg 225w\" sizes=\"auto, (max-width: 587px) 100vw, 587px\" \/><\/figure>\n<\/figure>\n\n\n\n<p><\/p>\n\n\n<div class=\"wp-block-image\">\n<figure class=\"aligncenter size-large\"><img loading=\"lazy\" decoding=\"async\" width=\"683\" height=\"1024\" src=\"https:\/\/olivetvousaccueil.fr\/wp-content\/uploads\/2022\/09\/Montage-petanque-683x1024.jpg\" alt=\"\" class=\"wp-image-1625\" srcset=\"https:\/\/olivetvousaccueil.fr\/wp-content\/uploads\/2022\/09\/Montage-petanque-683x1024.jpg 683w, https:\/\/olivetvousaccueil.fr\/wp-content\/uploads\/2022\/09\/Montage-petanque-200x300.jpg 200w, https:\/\/olivetvousaccueil.fr\/wp-content\/uploads\/2022\/09\/Montage-petanque-768x1152.jpg 768w, https:\/\/olivetvousaccueil.fr\/wp-content\/uploads\/2022\/09\/Montage-petanque-1024x1536.jpg 1024w, https:\/\/olivetvousaccueil.fr\/wp-content\/uploads\/2022\/09\/Montage-petanque.jpg 1200w\" sizes=\"auto, (max-width: 683px) 100vw, 683px\" \/><figcaption class=\"wp-element-caption\"><strong>Quelques photos de 2022<\/strong><\/figcaption><\/figure>\n<\/div>\n\n\n<p class=\"has-text-align-right\" style=\"font-size:10px\">Mise \u00e0 jour le  27 octobre  2022<\/p>\n","protected":false},"excerpt":{"rendered":"<p>TOURNOI DE FIN DE SAISON 2024 \/ 2025 Concours de p\u00e9tanque du mardi 24 juin 2025 Bravant la chaleur de cette journ\u00e9e ensoleill\u00e9e, 17 p\u00e9tanqueurs se sont rassembl\u00e9s au Domaine du Donjon pour participer \u00e0 un concours en quatre parties&nbsp;;<\/p>\n","protected":false},"author":1,"featured_media":0,"parent":0,"menu_order":0,"comment_status":"closed","ping_status":"closed","template":"","meta":{"_exactmetrics_skip_tracking":false,"_exactmetrics_sitenote_active":false,"_exactmetrics_sitenote_note":"","_exactmetrics_sitenote_category":0,"_monsterinsights_skip_tracking":false,"_monsterinsights_sitenote_active":false,"_monsterinsights_sitenote_note":"","_monsterinsights_sitenote_category":0,"footnotes":""},"class_list":["post-196","page","type-page","status-publish","hentry"],"_links":{"self":[{"href":"https:\/\/olivetvousaccueil.fr\/index.php?rest_route=\/wp\/v2\/pages\/196","targetHints":{"allow":["GET"]}}],"collection":[{"href":"https:\/\/olivetvousaccueil.fr\/index.php?rest_route=\/wp\/v2\/pages"}],"about":[{"href":"https:\/\/olivetvousaccueil.fr\/index.php?rest_route=\/wp\/v2\/types\/page"}],"author":[{"embeddable":true,"href":"https:\/\/olivetvousaccueil.fr\/index.php?rest_route=\/wp\/v2\/users\/1"}],"replies":[{"embeddable":true,"href":"https:\/\/olivetvousaccueil.fr\/index.php?rest_route=%2Fwp%2Fv2%2Fcomments&post=196"}],"version-history":[{"count":20,"href":"https:\/\/olivetvousaccueil.fr\/index.php?rest_route=\/wp\/v2\/pages\/196\/revisions"}],"predecessor-version":[{"id":2587,"href":"https:\/\/olivetvousaccueil.fr\/index.php?rest_route=\/wp\/v2\/pages\/196\/revisions\/2587"}],"wp:attachment":[{"href":"https:\/\/olivetvousaccueil.fr\/index.php?rest_route=%2Fwp%2Fv2%2Fmedia&parent=196"}],"curies":[{"name":"wp","href":"https:\/\/api.w.org\/{rel}","templated":true}]}}