{"id":1902,"date":"2024-01-17T15:55:13","date_gmt":"2024-01-17T14:55:13","guid":{"rendered":"https:\/\/olivetvousaccueil.fr\/?page_id=1902"},"modified":"2025-06-24T12:52:37","modified_gmt":"2025-06-24T10:52:37","slug":"jeu-dechecs","status":"publish","type":"page","link":"https:\/\/olivetvousaccueil.fr\/?page_id=1902","title":{"rendered":"Initiation Jeu d&rsquo;\u00e9checs :"},"content":{"rendered":"\n<p>La saison des \u00e9checs 2024-2025 s&rsquo;est termin\u00e9e aujourd&rsquo;hui, lundi 16 juin 2025 sur une note au naturel. En effet, une s\u00e9ance en plein air suivie d&rsquo;un pique-nique a \u00e9t\u00e9 organis\u00e9e par les \u00ab\u00a0mordus\u00a0\u00bb du jeu d&rsquo;\u00e9checs.<\/p>\n\n\n\n<p>Je remercie le Pr\u00e9sident de l&rsquo;association \u00ab\u00a0Les carr\u00e9s potagers d&rsquo;Olivet qui nous autorise \u00e0 nous installer aux tables et bancs pour jouer aux \u00e9checs. Nous avons pass\u00e9 un moment convivial en plein air, tr\u00e8s appr\u00e9ci\u00e9 de tous (nous \u00e9tions 9).<\/p>\n\n\n\n<p>Tous sont partants pour nous retrouver d\u00e8s le 15 septembre 2025. Pour les faire patienter, je les ai invit\u00e9s \u00e0 garder le contact pendant l&rsquo;\u00e9t\u00e9 pour jouer \u00e0 la table d&rsquo;\u00e9checs install\u00e9e au parc du Poutyl \u00e0 Olivet. Il faut juste penser \u00e0 apporter un chiffon et les pi\u00e8ces d&rsquo;\u00e9checs.<\/p>\n\n\n\n<p>Je propose 8 places maximum pour une nouvelle session pour d\u00e9butants les lundis de 11h00 \u00e0 12h00.<\/p>\n\n\n\n<p>Les joueurs confirm\u00e9s auront une s\u00e9ance anim\u00e9e les lundis de 10h00 \u00e0 11h00 et pourront se poursuivre jusqu&rsquo;\u00e0 12h00 pour jouer entre eux.<\/p>\n\n\n\n<p>Cordialement,<\/p>\n\n\n\n<p>Dani\u00e8le BERNARDIN<\/p>\n\n\n\n<p><\/p>\n\n\n\n<p><\/p>\n\n\n\n<p><br><\/p>\n\n\n<div class=\"wp-block-image\">\n<figure class=\"aligncenter size-full is-resized\"><img loading=\"lazy\" decoding=\"async\" width=\"280\" height=\"243\" src=\"https:\/\/olivetvousaccueil.fr\/wp-content\/uploads\/2024\/10\/IMG_6121.webp\" alt=\"\" class=\"wp-image-2000\" style=\"width:782px;height:auto\"\/><\/figure>\n<\/div>\n\n\n<p><strong>VENEZ NOUS REJOINDRE \u2026.. VOICI LE DEROULE\u2026.<\/strong><br>Les s\u00e9ances ont lieu les lundis matins de 10h00 \u00e0 11h00 \u00e0 l\u2019espace Champillou, mais comme les participants sont motiv\u00e9s, nous poursuivons g\u00e9n\u00e9ralement jusqu\u2019\u00e0 12h00. De la souplesse dans l\u2019heure d\u2019arriv\u00e9e ou de d\u00e9part. Aucune pression ni d\u2019obligation d\u2019\u00eatre pr\u00e9sent \u00e0 chaque s\u00e9ance.<\/p>\n\n\n\n<p>En premi\u00e8re ann\u00e9e, les participants d\u00e9couvrent de A \u00e0 Z le jeu d\u2019\u00e9checs (le plateau, les pi\u00e8ces, leur placement sur l\u2019\u00e9chiquier, leur d\u00e9placement).<\/p>\n\n\n\n<p>Nous optons pour des s\u00e9ances tr\u00e8s ludiques, \u00e0 chaque d\u00e9but de s\u00e9ance, un quizz leur est propos\u00e9 pour m\u00e9moriser et r\u00e9viser ce que l\u2019on a vu aux s\u00e9ances pr\u00e9c\u00e9dentes. L\u2019ambiance est tr\u00e8s sympathique.<\/p>\n\n\n\n<p>Nous disputons des parties en suivant la progression individuellement si besoin.<\/p>\n\n\n\n<p>A chaque d\u00e9but de p\u00e9riode de vacances scolaires, je leur offre une collation (jus de fruits et viennoiserie).<\/p>\n\n\n\n<p>Je leur propose d\u2019autres cr\u00e9neaux lorsque je ne peux pas assurer certains lundis (f\u00e9ri\u00e9, obligations professionnelles\u2026).<\/p>\n\n\n\n<p>En deuxi\u00e8me ann\u00e9e, joueurs d\u00e9butants confirm\u00e9s. Tous connaissent les rudiments du jeu d\u2019\u00e9checs, s\u2019ajoutent tout au long de l\u2019ann\u00e9e les coups sp\u00e9ciaux, la notation, les m\u00e9thodes de d\u00e9veloppement et les parties en simultan\u00e9e ou entre eux.<\/p>\n\n\n\n<p>J\u2019ai opt\u00e9 pour un atelier \u00e9checs sur deux ans novices puis d\u00e9butants confirm\u00e9s, afin qu\u2019ils puissent jouer car en fin de premi\u00e8re ann\u00e9e, nous n\u2019avons pas trop de temps pour jouer des parties.<\/p>\n\n\n\n<p>L\u2019objectif&nbsp;: que tous prennent plaisir \u00e0 apprendre et \u00e0 jouer dans une ambiance conviviale. Surtout s\u2019amuser&nbsp;!<\/p>\n","protected":false},"excerpt":{"rendered":"<p>La saison des \u00e9checs 2024-2025 s&rsquo;est termin\u00e9e aujourd&rsquo;hui, lundi 16 juin 2025 sur une note au naturel. En effet, une s\u00e9ance en plein air suivie d&rsquo;un pique-nique a \u00e9t\u00e9 organis\u00e9e par les \u00ab\u00a0mordus\u00a0\u00bb du jeu d&rsquo;\u00e9checs. Je remercie le Pr\u00e9sident<\/p>\n","protected":false},"author":1,"featured_media":0,"parent":0,"menu_order":0,"comment_status":"closed","ping_status":"closed","template":"","meta":{"_exactmetrics_skip_tracking":false,"_exactmetrics_sitenote_active":false,"_exactmetrics_sitenote_note":"","_exactmetrics_sitenote_category":0,"_monsterinsights_skip_tracking":false,"_monsterinsights_sitenote_active":false,"_monsterinsights_sitenote_note":"","_monsterinsights_sitenote_category":0,"footnotes":""},"class_list":["post-1902","page","type-page","status-publish","hentry"],"_links":{"self":[{"href":"https:\/\/olivetvousaccueil.fr\/index.php?rest_route=\/wp\/v2\/pages\/1902","targetHints":{"allow":["GET"]}}],"collection":[{"href":"https:\/\/olivetvousaccueil.fr\/index.php?rest_route=\/wp\/v2\/pages"}],"about":[{"href":"https:\/\/olivetvousaccueil.fr\/index.php?rest_route=\/wp\/v2\/types\/page"}],"author":[{"embeddable":true,"href":"https:\/\/olivetvousaccueil.fr\/index.php?rest_route=\/wp\/v2\/users\/1"}],"replies":[{"embeddable":true,"href":"https:\/\/olivetvousaccueil.fr\/index.php?rest_route=%2Fwp%2Fv2%2Fcomments&post=1902"}],"version-history":[{"count":8,"href":"https:\/\/olivetvousaccueil.fr\/index.php?rest_route=\/wp\/v2\/pages\/1902\/revisions"}],"predecessor-version":[{"id":2580,"href":"https:\/\/olivetvousaccueil.fr\/index.php?rest_route=\/wp\/v2\/pages\/1902\/revisions\/2580"}],"wp:attachment":[{"href":"https:\/\/olivetvousaccueil.fr\/index.php?rest_route=%2Fwp%2Fv2%2Fmedia&parent=1902"}],"curies":[{"name":"wp","href":"https:\/\/api.w.org\/{rel}","templated":true}]}}