{"id":190,"date":"2021-01-11T10:18:07","date_gmt":"2021-01-11T09:18:07","guid":{"rendered":"http:\/\/olivetvousaccueil.fr\/?page_id=190"},"modified":"2026-03-16T09:38:25","modified_gmt":"2026-03-16T08:38:25","slug":"marches-du-mercredi","status":"publish","type":"page","link":"https:\/\/olivetvousaccueil.fr\/?page_id=190","title":{"rendered":"Balade p\u00e9destre du mercredi :"},"content":{"rendered":"\n<figure class=\"wp-block-image size-large\"><img decoding=\"async\" src=\"https:\/\/olivetvousaccueil.fr\/wp-content\/uploads\/OVA-balades-du-mercredi-avril-A-juin-2026.pdf\" alt=\"\"\/><\/figure>\n\n\n\n<p><\/p>\n\n\n\n<p><strong>Sous un ciel cl\u00e9ment et une ambiance d\u00e9tendue, nous avons parcouru 7 km d&rsquo;une agr\u00e9able balade \u00e0 Jouy le Potier.<br>A l&rsquo;arriv\u00e9e, nous avons partag\u00e9 un moment convivial autour d&rsquo;un ap\u00e9ritif g\u00e9n\u00e9reusement garni suivi d&rsquo;un pique-nique festif. Chacun avait apport\u00e9 de quoi r\u00e9galer les papilles, des pr\u00e9parations sal\u00e9es et sucr\u00e9es, toutes faites maison par nos adh\u00e9rents. La journ\u00e9e s&rsquo;est termin\u00e9e en beaut\u00e9 gr\u00e2ce \u00e0 Chantal, dans son jardin intimiste. Ce petit havre de paix empli de senteurs d\u00e9licates et de couleurs harmonieuses a offert une touche finale pleine de douceur et de s\u00e9r\u00e9nit\u00e9 \u00e0 cette belle journ\u00e9e<\/strong><\/p>\n\n\n\n<p>[<\/p>\n\n\n\n\n\n\n\n<figure class=\"wp-block-image size-large\"><img loading=\"lazy\" decoding=\"async\" width=\"1024\" height=\"768\" src=\"https:\/\/olivetvousaccueil.fr\/wp-content\/uploads\/2025\/06\/IMG_6445-1024x768.jpeg\" alt=\"\" class=\"wp-image-2548\" srcset=\"https:\/\/olivetvousaccueil.fr\/wp-content\/uploads\/2025\/06\/IMG_6445-1024x768.jpeg 1024w, https:\/\/olivetvousaccueil.fr\/wp-content\/uploads\/2025\/06\/IMG_6445-300x225.jpeg 300w, https:\/\/olivetvousaccueil.fr\/wp-content\/uploads\/2025\/06\/IMG_6445-768x576.jpeg 768w, https:\/\/olivetvousaccueil.fr\/wp-content\/uploads\/2025\/06\/IMG_6445-1536x1152.jpeg 1536w, https:\/\/olivetvousaccueil.fr\/wp-content\/uploads\/2025\/06\/IMG_6445-2048x1536.jpeg 2048w\" sizes=\"auto, (max-width: 1024px) 100vw, 1024px\" \/><\/figure>\n\n\n\n<p><\/p>\n\n\n\n<p><\/p>\n\n\n\n<p><\/p>\n\n\n\n<figure class=\"wp-block-gallery has-nested-images columns-default is-cropped wp-block-gallery-1 is-layout-flex wp-block-gallery-is-layout-flex\">\n<figure class=\"wp-block-image size-large\"><img loading=\"lazy\" decoding=\"async\" width=\"480\" height=\"640\" data-id=\"2480\" src=\"https:\/\/olivetvousaccueil.fr\/wp-content\/uploads\/2025\/06\/IMG_6434-rotated.jpeg\" alt=\"\" class=\"wp-image-2480\" srcset=\"https:\/\/olivetvousaccueil.fr\/wp-content\/uploads\/2025\/06\/IMG_6434-rotated.jpeg 480w, https:\/\/olivetvousaccueil.fr\/wp-content\/uploads\/2025\/06\/IMG_6434-225x300.jpeg 225w\" sizes=\"auto, (max-width: 480px) 100vw, 480px\" \/><\/figure>\n\n\n\n<figure class=\"wp-block-image size-large\"><img loading=\"lazy\" decoding=\"async\" width=\"480\" height=\"640\" data-id=\"2479\" src=\"https:\/\/olivetvousaccueil.fr\/wp-content\/uploads\/2025\/06\/IMG_6435-rotated.jpeg\" alt=\"\" class=\"wp-image-2479\" srcset=\"https:\/\/olivetvousaccueil.fr\/wp-content\/uploads\/2025\/06\/IMG_6435-rotated.jpeg 480w, https:\/\/olivetvousaccueil.fr\/wp-content\/uploads\/2025\/06\/IMG_6435-225x300.jpeg 225w\" sizes=\"auto, (max-width: 480px) 100vw, 480px\" \/><\/figure>\n\n\n\n<figure class=\"wp-block-image size-large\"><img loading=\"lazy\" decoding=\"async\" width=\"480\" height=\"640\" data-id=\"2478\" src=\"https:\/\/olivetvousaccueil.fr\/wp-content\/uploads\/2025\/06\/IMG_6436-rotated.jpeg\" alt=\"\" class=\"wp-image-2478\" srcset=\"https:\/\/olivetvousaccueil.fr\/wp-content\/uploads\/2025\/06\/IMG_6436-rotated.jpeg 480w, https:\/\/olivetvousaccueil.fr\/wp-content\/uploads\/2025\/06\/IMG_6436-225x300.jpeg 225w\" sizes=\"auto, (max-width: 480px) 100vw, 480px\" \/><\/figure>\n\n\n\n<figure class=\"wp-block-image size-large\"><img loading=\"lazy\" decoding=\"async\" width=\"480\" height=\"640\" data-id=\"2477\" src=\"https:\/\/olivetvousaccueil.fr\/wp-content\/uploads\/2025\/06\/IMG_6437-rotated.jpeg\" alt=\"\" class=\"wp-image-2477\" srcset=\"https:\/\/olivetvousaccueil.fr\/wp-content\/uploads\/2025\/06\/IMG_6437-rotated.jpeg 480w, https:\/\/olivetvousaccueil.fr\/wp-content\/uploads\/2025\/06\/IMG_6437-225x300.jpeg 225w\" sizes=\"auto, (max-width: 480px) 100vw, 480px\" \/><\/figure>\n\n\n\n<figure class=\"wp-block-image size-large\"><img loading=\"lazy\" decoding=\"async\" width=\"480\" height=\"640\" data-id=\"2481\" src=\"https:\/\/olivetvousaccueil.fr\/wp-content\/uploads\/2025\/06\/IMG_6433-rotated.jpeg\" alt=\"\" class=\"wp-image-2481\" srcset=\"https:\/\/olivetvousaccueil.fr\/wp-content\/uploads\/2025\/06\/IMG_6433-rotated.jpeg 480w, https:\/\/olivetvousaccueil.fr\/wp-content\/uploads\/2025\/06\/IMG_6433-225x300.jpeg 225w\" sizes=\"auto, (max-width: 480px) 100vw, 480px\" \/><\/figure>\n\n\n\n<figure class=\"wp-block-image size-large\"><img loading=\"lazy\" decoding=\"async\" width=\"640\" height=\"480\" data-id=\"2482\" src=\"https:\/\/olivetvousaccueil.fr\/wp-content\/uploads\/2025\/06\/IMG_6432.jpeg\" alt=\"\" class=\"wp-image-2482\" srcset=\"https:\/\/olivetvousaccueil.fr\/wp-content\/uploads\/2025\/06\/IMG_6432.jpeg 640w, https:\/\/olivetvousaccueil.fr\/wp-content\/uploads\/2025\/06\/IMG_6432-300x225.jpeg 300w\" sizes=\"auto, (max-width: 640px) 100vw, 640px\" \/><\/figure>\n\n\n\n<figure class=\"wp-block-image size-large\"><img loading=\"lazy\" decoding=\"async\" width=\"640\" height=\"480\" data-id=\"2483\" src=\"https:\/\/olivetvousaccueil.fr\/wp-content\/uploads\/2025\/06\/IMG_6431.jpeg\" alt=\"\" class=\"wp-image-2483\" srcset=\"https:\/\/olivetvousaccueil.fr\/wp-content\/uploads\/2025\/06\/IMG_6431.jpeg 640w, https:\/\/olivetvousaccueil.fr\/wp-content\/uploads\/2025\/06\/IMG_6431-300x225.jpeg 300w\" sizes=\"auto, (max-width: 640px) 100vw, 640px\" \/><\/figure>\n\n\n\n<figure class=\"wp-block-image size-large\"><img loading=\"lazy\" decoding=\"async\" width=\"480\" height=\"640\" data-id=\"2484\" src=\"https:\/\/olivetvousaccueil.fr\/wp-content\/uploads\/2025\/06\/IMG_6430-rotated.jpeg\" alt=\"\" class=\"wp-image-2484\" srcset=\"https:\/\/olivetvousaccueil.fr\/wp-content\/uploads\/2025\/06\/IMG_6430-rotated.jpeg 480w, https:\/\/olivetvousaccueil.fr\/wp-content\/uploads\/2025\/06\/IMG_6430-225x300.jpeg 225w\" sizes=\"auto, (max-width: 480px) 100vw, 480px\" \/><\/figure>\n\n\n\n<figure class=\"wp-block-image size-large\"><img loading=\"lazy\" decoding=\"async\" width=\"480\" height=\"640\" data-id=\"2485\" src=\"https:\/\/olivetvousaccueil.fr\/wp-content\/uploads\/2025\/06\/IMG_6429-rotated.jpeg\" alt=\"\" class=\"wp-image-2485\" srcset=\"https:\/\/olivetvousaccueil.fr\/wp-content\/uploads\/2025\/06\/IMG_6429-rotated.jpeg 480w, https:\/\/olivetvousaccueil.fr\/wp-content\/uploads\/2025\/06\/IMG_6429-225x300.jpeg 225w\" sizes=\"auto, (max-width: 480px) 100vw, 480px\" \/><\/figure>\n\n\n\n<figure class=\"wp-block-image size-large\"><img loading=\"lazy\" decoding=\"async\" width=\"480\" height=\"640\" data-id=\"2486\" src=\"https:\/\/olivetvousaccueil.fr\/wp-content\/uploads\/2025\/06\/IMG_6428-rotated.jpeg\" alt=\"\" class=\"wp-image-2486\" srcset=\"https:\/\/olivetvousaccueil.fr\/wp-content\/uploads\/2025\/06\/IMG_6428-rotated.jpeg 480w, https:\/\/olivetvousaccueil.fr\/wp-content\/uploads\/2025\/06\/IMG_6428-225x300.jpeg 225w\" sizes=\"auto, (max-width: 480px) 100vw, 480px\" \/><\/figure>\n\n\n\n<figure class=\"wp-block-image size-large\"><img loading=\"lazy\" decoding=\"async\" width=\"480\" height=\"640\" data-id=\"2487\" src=\"https:\/\/olivetvousaccueil.fr\/wp-content\/uploads\/2025\/06\/IMG_6427-rotated.jpeg\" alt=\"\" class=\"wp-image-2487\" srcset=\"https:\/\/olivetvousaccueil.fr\/wp-content\/uploads\/2025\/06\/IMG_6427-rotated.jpeg 480w, https:\/\/olivetvousaccueil.fr\/wp-content\/uploads\/2025\/06\/IMG_6427-225x300.jpeg 225w\" sizes=\"auto, (max-width: 480px) 100vw, 480px\" \/><\/figure>\n\n\n\n<figure class=\"wp-block-image size-large\"><img loading=\"lazy\" decoding=\"async\" width=\"480\" height=\"640\" data-id=\"2488\" src=\"https:\/\/olivetvousaccueil.fr\/wp-content\/uploads\/2025\/06\/IMG_6426-rotated.jpeg\" alt=\"\" class=\"wp-image-2488\" srcset=\"https:\/\/olivetvousaccueil.fr\/wp-content\/uploads\/2025\/06\/IMG_6426-rotated.jpeg 480w, https:\/\/olivetvousaccueil.fr\/wp-content\/uploads\/2025\/06\/IMG_6426-225x300.jpeg 225w\" sizes=\"auto, (max-width: 480px) 100vw, 480px\" \/><\/figure>\n\n\n\n<figure class=\"wp-block-image size-large\"><img loading=\"lazy\" decoding=\"async\" width=\"480\" height=\"640\" data-id=\"2489\" src=\"https:\/\/olivetvousaccueil.fr\/wp-content\/uploads\/2025\/06\/IMG_6425-rotated.jpeg\" alt=\"\" class=\"wp-image-2489\" srcset=\"https:\/\/olivetvousaccueil.fr\/wp-content\/uploads\/2025\/06\/IMG_6425-rotated.jpeg 480w, https:\/\/olivetvousaccueil.fr\/wp-content\/uploads\/2025\/06\/IMG_6425-225x300.jpeg 225w\" sizes=\"auto, (max-width: 480px) 100vw, 480px\" \/><\/figure>\n\n\n\n<figure class=\"wp-block-image size-large\"><img loading=\"lazy\" decoding=\"async\" width=\"480\" height=\"640\" data-id=\"2490\" src=\"https:\/\/olivetvousaccueil.fr\/wp-content\/uploads\/2025\/06\/IMG_6424-rotated.jpeg\" alt=\"\" class=\"wp-image-2490\" srcset=\"https:\/\/olivetvousaccueil.fr\/wp-content\/uploads\/2025\/06\/IMG_6424-rotated.jpeg 480w, https:\/\/olivetvousaccueil.fr\/wp-content\/uploads\/2025\/06\/IMG_6424-225x300.jpeg 225w\" sizes=\"auto, (max-width: 480px) 100vw, 480px\" \/><\/figure>\n<\/figure>\n\n\n\n\n\n<p><\/p>\n\n\n\n<p><\/p>\n\n\n\n<p><\/p>\n\n\n\n<p><\/p>\n\n\n\n<p><\/p>\n\n\n\n<p><\/p>\n\n\n\n<p><\/p>\n\n\n\n<p><\/p>\n\n\n\n<p><\/p>\n\n\n\n<p><\/p>\n\n\n\n<p><\/p>\n\n\n\n<p><\/p>\n\n\n\n<p><\/p>\n\n\n\n<p><\/p>\n\n\n\n<p><\/p>\n\n\n\n<p><\/p>\n\n\n\n<p><\/p>\n\n\n\n<p><\/p>\n\n\n\n<p><\/p>\n\n\n\n<p><\/p>\n\n\n\n<p><\/p>\n\n\n\n<p><\/p>\n\n\n\n<p><\/p>\n\n\n\n<p><\/p>\n\n\n\n<p><\/p>\n\n\n\n<p><\/p>\n\n\n\n<p><\/p>\n\n\n\n<p><\/p>\n\n\n\n<p><\/p>\n\n\n\n<p><\/p>\n\n\n\n<p><\/p>\n\n\n\n<p><\/p>\n\n\n\n<p><\/p>\n\n\n\n<p><\/p>\n\n\n\n<p><\/p>\n\n\n\n<p><\/p>\n\n\n\n<p><\/p>\n\n\n\n<p><\/p>\n\n\n\n<p><\/p>\n\n\n\n<p><\/p>\n\n\n\n<p><\/p>\n\n\n\n<p><\/p>\n\n\n\n<p><\/p>\n\n\n\n<p><\/p>\n\n\n\n<p><\/p>\n\n\n\n<figure class=\"wp-block-table is-style-regular\"><table class=\"has-pale-cyan-blue-background-color has-background\"><tbody><tr><td><\/td><\/tr><\/tbody><\/table><figcaption class=\"wp-element-caption\">Balade du mercredi  08 Novembre  2023 \u00e0 Saint Hilaire Saint Mesmin .<\/figcaption><\/figure>\n\n\n\n<p><\/p>\n\n\n<div class=\"wp-block-image\">\n<figure class=\"aligncenter size-large\"><img loading=\"lazy\" decoding=\"async\" width=\"1024\" height=\"461\" src=\"https:\/\/olivetvousaccueil.fr\/wp-content\/uploads\/2023\/11\/IMG-20231108-WA0003-1024x461.jpg\" alt=\"\" class=\"wp-image-1865\" srcset=\"https:\/\/olivetvousaccueil.fr\/wp-content\/uploads\/2023\/11\/IMG-20231108-WA0003-1024x461.jpg 1024w, https:\/\/olivetvousaccueil.fr\/wp-content\/uploads\/2023\/11\/IMG-20231108-WA0003-300x135.jpg 300w, https:\/\/olivetvousaccueil.fr\/wp-content\/uploads\/2023\/11\/IMG-20231108-WA0003-768x346.jpg 768w, https:\/\/olivetvousaccueil.fr\/wp-content\/uploads\/2023\/11\/IMG-20231108-WA0003.jpg 1259w\" sizes=\"auto, (max-width: 1024px) 100vw, 1024px\" \/><\/figure>\n<\/div>\n\n\n<p>Attention une participation pour co voiturage peut vous \u00eatre demand\u00e9.<\/p>\n\n\n\n<figure class=\"wp-block-image size-large is-resized\"><img decoding=\"async\" src=\"wp-content\/uploads\/2025\/06\/OVA-balades\" alt=\"\" style=\"aspect-ratio:1;width:654px;height:auto\"\/><\/figure>\n\n\n\n<figure class=\"wp-block-table is-style-regular\"><table class=\"has-pale-cyan-blue-background-color has-background\"><tbody><tr><td><\/td><\/tr><\/tbody><\/table><figcaption class=\"wp-element-caption\">Balade du mercredi 11 octobre 2023 \u00e0 Saint Denis en Val.<\/figcaption><\/figure>\n\n\n\n<figure class=\"wp-block-image size-large\"><img loading=\"lazy\" decoding=\"async\" width=\"1024\" height=\"683\" src=\"https:\/\/olivetvousaccueil.fr\/wp-content\/uploads\/2023\/10\/Sans-titre-1-1-1024x683.jpg\" alt=\"\" class=\"wp-image-1854\" srcset=\"https:\/\/olivetvousaccueil.fr\/wp-content\/uploads\/2023\/10\/Sans-titre-1-1-1024x683.jpg 1024w, https:\/\/olivetvousaccueil.fr\/wp-content\/uploads\/2023\/10\/Sans-titre-1-1-300x200.jpg 300w, https:\/\/olivetvousaccueil.fr\/wp-content\/uploads\/2023\/10\/Sans-titre-1-1-768x512.jpg 768w, https:\/\/olivetvousaccueil.fr\/wp-content\/uploads\/2023\/10\/Sans-titre-1-1-1536x1024.jpg 1536w, https:\/\/olivetvousaccueil.fr\/wp-content\/uploads\/2023\/10\/Sans-titre-1-1.jpg 1800w\" sizes=\"auto, (max-width: 1024px) 100vw, 1024px\" \/><\/figure>\n\n\n\n<figure class=\"wp-block-table is-style-regular\"><table class=\"has-pale-cyan-blue-background-color has-background\"><tbody><tr><td><\/td><\/tr><\/tbody><\/table><figcaption class=\"wp-element-caption\">Balade du mercredi \u00e0 la pointe de Courpain d\u00e9but Ao\u00fbt le matin<\/figcaption><\/figure>\n\n\n<div class=\"wp-block-image\">\n<figure class=\"aligncenter size-large\"><img loading=\"lazy\" decoding=\"async\" width=\"1024\" height=\"468\" src=\"https:\/\/olivetvousaccueil.fr\/wp-content\/uploads\/2023\/08\/OVA-balade-du-mercredi-pointe-de-Courpain-1024x468.jpg\" alt=\"\" class=\"wp-image-1787\" srcset=\"https:\/\/olivetvousaccueil.fr\/wp-content\/uploads\/2023\/08\/OVA-balade-du-mercredi-pointe-de-Courpain-1024x468.jpg 1024w, https:\/\/olivetvousaccueil.fr\/wp-content\/uploads\/2023\/08\/OVA-balade-du-mercredi-pointe-de-Courpain-300x137.jpg 300w, https:\/\/olivetvousaccueil.fr\/wp-content\/uploads\/2023\/08\/OVA-balade-du-mercredi-pointe-de-Courpain-768x351.jpg 768w, https:\/\/olivetvousaccueil.fr\/wp-content\/uploads\/2023\/08\/OVA-balade-du-mercredi-pointe-de-Courpain.jpg 1198w\" sizes=\"auto, (max-width: 1024px) 100vw, 1024px\" \/><\/figure>\n<\/div>\n\n\n<p><\/p>\n\n\n\n<figure class=\"wp-block-table is-style-regular\"><table class=\"has-pale-cyan-blue-background-color has-background\"><tbody><tr><td><\/td><\/tr><\/tbody><\/table><figcaption class=\"wp-element-caption\">Balade du mercredi \u00e0 l&rsquo;ile Charlemagne du 28 juin 2023.<\/figcaption><\/figure>\n\n\n<div class=\"wp-block-image\">\n<figure class=\"aligncenter size-full\"><img decoding=\"async\" src=\"https:\/\/olivetvousaccueil.fr\/wp-content\/uploads\/2023\/07\/OVA-1-balade-mercredi-ile-Charlemagne-28_06_2023.jpg\" alt=\"\" class=\"wp-image-1754\"\/><\/figure>\n<\/div>\n\n\n<figure class=\"wp-block-table is-style-regular\"><table class=\"has-pale-cyan-blue-background-color has-background\"><tbody><tr><td><\/td><\/tr><\/tbody><\/table><figcaption class=\"wp-element-caption\">Balade de F\u00e9vrier 2023.<\/figcaption><\/figure>\n\n\n<div class=\"wp-block-image is-style-default\">\n<figure class=\"aligncenter size-large\"><img decoding=\"async\" src=\"https:\/\/olivetvousaccueil.fr\/wp-content\/uploads\/2023\/02\/OVA-MARCHE-du-mercredi-1024x638.jpg\" alt=\"\" class=\"wp-image-1726\"\/><\/figure>\n<\/div>\n\n\n<p class=\"has-text-align-center Normal P-7 has-vivid-green-cyan-color has-text-color\" style=\"font-size:23px\"><span class=\"C-1\" _istranslated=\"1\"> <span _istranslated=\"1\" class=\"has-inline-color has-vivid-cyan-blue-color\"> <strong _istranslated=\"1\">Ballade d\u2019environ 8 km   \u00abEN BOUCLE OU EN LIGNE \u00bb <\/strong><\/span><\/span><\/p>\n\n\n\n<p class=\"has-text-align-center Normal P-7 has-vivid-green-cyan-color has-text-color\" style=\"font-size:23px\"><span class=\"C-1\"><br><span _msthash=\"1070015\" _msttexthash=\"2190578\" class=\"has-inline-color has-vivid-cyan-blue-color\"><strong _msthash=\"1070014\" _msttexthash=\"1838369\" _istranslated=\"1\">Le d\u00e9part a lieu chaque MERCRED<strong _istranslated=\"1\">I <\/strong>du parking ALLIAGE \u00e0 14h00 (*)<\/strong><\/span><\/span><\/p>\n\n\n\n<p class=\"has-text-align-center Normal P-7 has-vivid-green-cyan-color has-text-color\" style=\"font-size:23px\"><font _mstmutation=\"1\" _msthash=\"993681\" _msttexthash=\"6357104\"><span class=\"C-1\" _mstmutation=\"1\" _istranslated=\"1\"><strong> <span _msthash=\"993679\" _msttexthash=\"2504749\" _istranslated=\"1\" class=\"has-inline-color has-vivid-cyan-blue-color\">Important : <em _istranslated=\"1\"> Rendez-vous \u00e0 13h45 <font _mstmutation=\"1\" _msthash=\"699504\" _msttexthash=\"320060\" _istranslated=\"1\">pour un d\u00e9part \u00e0 1<\/font><font _mstmutation=\"1\" _msthash=\"699504\" _msttexthash=\"699504\" _istranslated=\"1\">4<\/font><font _mstmutation=\"1\" _msthash=\"699504\" _msttexthash=\"9464\" _istranslated=\"1\">h<\/font><font _mstmutation=\"1\" _msthash=\"699504\" _msttexthash=\"4368\" _istranslated=\"1\">00<\/font> <font _mstmutation=\"1\" _msthash=\"699504\" _msttexthash=\"112203\" _istranslated=\"1\"> pr\u00e9cise<\/font><\/em>s.<\/span><\/strong><\/span><\/font><\/p>\n\n\n\n<p class=\"has-text-align-center Normal P-7 has-black-color has-text-color\"><span class=\"C-1\"><em><mark style=\"background-color:rgba(0, 0, 0, 0);color:#515252\" class=\"has-inline-color\">(*) d\u00e9part \u00e0 9h00 &nbsp;du 15 juin au 15 septembre<\/mark><\/em><\/span><\/p>\n\n\n\n<p><\/p>\n\n\n\n<p><\/p>\n\n\n\n<p class=\"has-text-align-right\" style=\"font-size:10px\">Mise \u00e0 jour 16 septembre 2024<\/p>\n\n\n\n\n\n\n\n<p><\/p>\n","protected":false},"excerpt":{"rendered":"<p>Sous un ciel cl\u00e9ment et une ambiance d\u00e9tendue, nous avons parcouru 7 km d&rsquo;une agr\u00e9able balade \u00e0 Jouy le Potier.A l&rsquo;arriv\u00e9e, nous avons partag\u00e9 un moment convivial autour d&rsquo;un ap\u00e9ritif g\u00e9n\u00e9reusement garni suivi d&rsquo;un pique-nique festif. Chacun avait apport\u00e9 de<\/p>\n","protected":false},"author":1,"featured_media":0,"parent":0,"menu_order":0,"comment_status":"closed","ping_status":"closed","template":"","meta":{"_exactmetrics_skip_tracking":false,"_exactmetrics_sitenote_active":false,"_exactmetrics_sitenote_note":"","_exactmetrics_sitenote_category":0,"_monsterinsights_skip_tracking":false,"_monsterinsights_sitenote_active":false,"_monsterinsights_sitenote_note":"","_monsterinsights_sitenote_category":0,"footnotes":""},"class_list":["post-190","page","type-page","status-publish","hentry"],"_links":{"self":[{"href":"https:\/\/olivetvousaccueil.fr\/index.php?rest_route=\/wp\/v2\/pages\/190","targetHints":{"allow":["GET"]}}],"collection":[{"href":"https:\/\/olivetvousaccueil.fr\/index.php?rest_route=\/wp\/v2\/pages"}],"about":[{"href":"https:\/\/olivetvousaccueil.fr\/index.php?rest_route=\/wp\/v2\/types\/page"}],"author":[{"embeddable":true,"href":"https:\/\/olivetvousaccueil.fr\/index.php?rest_route=\/wp\/v2\/users\/1"}],"replies":[{"embeddable":true,"href":"https:\/\/olivetvousaccueil.fr\/index.php?rest_route=%2Fwp%2Fv2%2Fcomments&post=190"}],"version-history":[{"count":71,"href":"https:\/\/olivetvousaccueil.fr\/index.php?rest_route=\/wp\/v2\/pages\/190\/revisions"}],"predecessor-version":[{"id":2832,"href":"https:\/\/olivetvousaccueil.fr\/index.php?rest_route=\/wp\/v2\/pages\/190\/revisions\/2832"}],"wp:attachment":[{"href":"https:\/\/olivetvousaccueil.fr\/index.php?rest_route=%2Fwp%2Fv2%2Fmedia&parent=190"}],"curies":[{"name":"wp","href":"https:\/\/api.w.org\/{rel}","templated":true}]}}